{"id":39,"date":"2017-03-23T08:53:19","date_gmt":"2017-03-23T08:53:19","guid":{"rendered":"https:\/\/ecolor.md\/?page_id=39"},"modified":"2023-06-23T12:52:19","modified_gmt":"2023-06-23T09:52:19","slug":"about-us","status":"publish","type":"page","link":"https:\/\/ecolor.md\/ro\/about-us\/","title":{"rendered":"Despre noi"},"content":{"rendered":"<p>[vc_row full_width=&#8221;stretch_row&#8221; css=&#8221;.vc_custom_1490616463414{background-color: #f0f4f7 !important;}&#8221;][vc_column][vc_empty_space alter_height=&#8221;huge&#8221; hide_on_mobile=&#8221;&#8221; css=&#8221;.vc_custom_1493987910834{margin-top: -0.6rem !important;}&#8221;][\/vc_column][vc_column width=&#8221;1\/2&#8243;][vc_single_image image=&#8221;1484&#8243; img_size=&#8221;large&#8221;][vc_empty_space alter_height=&#8221;large&#8221; hide_on_mobile=&#8221;&#8221;][\/vc_column][vc_column width=&#8221;1\/2&#8243; css=&#8221;.vc_custom_1493987931534{padding-left: 3.7rem !important;}&#8221;]<div id=\"sc_title_232204209\"\r\n\t\tclass=\"sc_title sc_title_default  vc_custom_1604872491508\"><h1 class=\"sc_item_title sc_title_title sc_align_left sc_item_title_style_default sc_item_title_tag\">Despre noi <i>RSG<\/i><\/h1><\/div><!-- \/.sc_title -->[vc_empty_space alter_height=&#8221;small&#8221; hide_on_mobile=&#8221;&#8221;][vc_column_text]Lucr\u0103m pe pia\u021ba Republicii Moldova din anul 2004.<br \/>\nCompania este specializat\u0103 \u00een comer\u021bul cu ridicata \u0219i cu am\u0103nuntul cu vopsele \u0219i lacuri de calitate superioar\u0103 pentru lemn \u0219i \u00ee\u0219i comercializeaz\u0103 produsele pe teritoriul Republicii Moldova \u0219i al PMR.<\/p>\n<p>Acestea sunt: \u200b\u200bmateriale ecologice (lacuri \u0219i grunduri, emailuri, uleiuri \u0219i cear\u0103), vopsele \u0219i lacuri acrilice \u0219i poliuretanice, ap\u0103 \u0219i nitroceluloz\u0103 (NC), pete \u0219i patine, efecte speciale, material abraziv \u0219i produse conexe.<\/p>\n<p>Asiguram si servicii de nuantare a emailurilor si patinelor, sisteme de culoare de top: KEMILAC, RAL, NCS.[\/vc_column_text][vc_empty_space alter_height=&#8221;huge&#8221; hide_on_mobile=&#8221;&#8221; css=&#8221;.vc_custom_1493987986872{margin-bottom: -1.1rem !important;}&#8221;][\/vc_column][\/vc_row]<span data-mce-type=\"bookmark\" style=\"display: inline-block; width: 0px; overflow: hidden; line-height: 0;\" class=\"mce_SELRES_start\">\ufeff<\/span>[vc_row][vc_column][vc_empty_space alter_height=&#8221;huge&#8221; hide_on_mobile=&#8221;&#8221; css=&#8221;.vc_custom_1493988156000{margin-top: -1rem !important;}&#8221;]<div id=\"sc_title_1126879901\"\r\n\t\tclass=\"sc_title sc_title_default\"><h2 class=\"sc_item_title sc_title_title sc_align_center sc_item_title_style_default sc_item_title_tag\">De ce noi?<\/h2><\/div><!-- \/.sc_title -->[vc_empty_space alter_height=&#8221;small&#8221; hide_on_mobile=&#8221;&#8221; css=&#8221;.vc_custom_1493988777739{margin-top: 0.5rem !important;}&#8221;][vc_row_inner equal_height=&#8221;yes&#8221; content_placement=&#8221;middle&#8221;][vc_column_inner width=&#8221;1\/2&#8243; offset=&#8221;vc_col-lg-4 vc_col-md-4&#8243;]<div id=\"sc_services_116556541\" class=\"sc_services sc_services_default sc_services_featured_right\"><div class=\"sc_services_content sc_item_content sc_item_columns_1\"><div class=\"sc_services_item with_content with_number sc_services_item_featured_right\">\n\t<span class=\"sc_services_item_number\">1<\/span>\t\n\t<div class=\"sc_services_item_info\">\n\t\t<div class=\"sc_services_item_header\">\n\t\t\t<h5 class=\"sc_services_item_title\"><a href=\"https:\/\/ecolor.md\/ro\/services\/profesionalizm\/\">Profesionalism<\/a><\/h5>\n\t\t<\/div>\n\t\t\t\t\t<div class=\"sc_services_item_content\"><p>Ne str\u0103duim s\u0103 men\u021binem imaginea unei companii care inspir\u0103 \u00eencredere \u0219i respect pentru partenerii s\u0103i.<\/p>\n<\/div>\n\t\t\t<\/div>\n<\/div>\n<div class=\"sc_services_item with_content with_number sc_services_item_featured_right\">\n\t<span class=\"sc_services_item_number\">2<\/span>\t\n\t<div class=\"sc_services_item_info\">\n\t\t<div class=\"sc_services_item_header\">\n\t\t\t<h5 class=\"sc_services_item_title\"><a href=\"https:\/\/ecolor.md\/ro\/services\/obsluzhivanie-klientov\/\">Deservirea clientilor<\/a><\/h5>\n\t\t<\/div>\n\t\t\t\t\t<div class=\"sc_services_item_content\"><p>Echipa de asisten\u021b\u0103 v\u0103 va ajuta s\u0103 r\u0103spunde\u021bi la orice \u00eentreb\u0103ri<\/p>\n<\/div>\n\t\t\t<\/div>\n<\/div>\n<\/div><\/div><!-- \/.sc_services -->[vc_empty_space alter_height=&#8221;small&#8221; hide_on_mobile=&#8221;&#8221; css=&#8221;.vc_custom_1493988867934{margin-top: 0.4rem !important;}&#8221;][\/vc_column_inner][vc_column_inner width=&#8221;1\/3&#8243; offset=&#8221;vc_hidden-sm vc_hidden-xs&#8221;][vc_single_image image=&#8221;1481&#8243; img_size=&#8221;full&#8221;][\/vc_column_inner][vc_column_inner width=&#8221;1\/2&#8243; offset=&#8221;vc_col-lg-4 vc_col-md-4&#8243;]<div id=\"sc_services_486728038\" class=\"sc_services sc_services_default sc_services_featured_left\"><div class=\"sc_services_content sc_item_content sc_item_columns_1\"><div class=\"sc_services_item with_content with_number sc_services_item_featured_left\">\n\t<span class=\"sc_services_item_number\">3<\/span>\t\n\t<div class=\"sc_services_item_info\">\n\t\t<div class=\"sc_services_item_header\">\n\t\t\t<h5 class=\"sc_services_item_title\"><a href=\"https:\/\/ecolor.md\/ro\/services\/garantiya-kachestva\/\">Calitate garantata<\/a><\/h5>\n\t\t<\/div>\n\t\t\t\t\t<div class=\"sc_services_item_content\"><p>Oferim servicii de calitate pe care le consideram un parteneriat<\/p>\n<\/div>\n\t\t\t<\/div>\n<\/div>\n<div class=\"sc_services_item with_content with_number sc_services_item_featured_left\">\n\t<span class=\"sc_services_item_number\">4<\/span>\t\n\t<div class=\"sc_services_item_info\">\n\t\t<div class=\"sc_services_item_header\">\n\t\t\t<h5 class=\"sc_services_item_title\"><a href=\"https:\/\/ecolor.md\/ro\/services\/chestnye-tseny\/\">Preturi cinstite<\/a><\/h5>\n\t\t<\/div>\n\t\t\t\t\t<div class=\"sc_services_item_content\"><p>Oferim pre\u021buri corecte, astfel \u00eenc\u00e2t s\u0103 cunoa\u0219te\u021bi costul real al proiectelor dumneavoastr\u0103<\/p>\n<\/div>\n\t\t\t<\/div>\n<\/div>\n<\/div><\/div><!-- \/.sc_services -->[vc_empty_space alter_height=&#8221;small&#8221; hide_on_mobile=&#8221;&#8221; css=&#8221;.vc_custom_1493988871028{margin-top: 0.4rem !important;}&#8221;][\/vc_column_inner][\/vc_row_inner][vc_empty_space alter_height=&#8221;large&#8221; hide_on_mobile=&#8221;&#8221; css=&#8221;.vc_custom_1493988803738{margin-top: 0.65rem !important;}&#8221;][\/vc_column][\/vc_row]<span data-mce-type=\"bookmark\" style=\"display: inline-block; width: 0px; overflow: hidden; line-height: 0;\" class=\"mce_SELRES_end\">\ufeff<\/span>[vc_row full_width=&#8221;stretch_row&#8221; row_delimiter=&#8221;&#8221; row_fixed=&#8221;&#8221; hide_on_tablet=&#8221;&#8221; hide_on_mobile=&#8221;1&#8243; hide_on_frontpage=&#8221;&#8221; css=&#8221;.vc_custom_1605038176712{background-image: url(https:\/\/ecolor.md\/wp-content\/uploads\/2020\/11\/44.jpg?id=1452) !important;background-position: center !important;background-repeat: no-repeat !important;background-size: cover !important;}&#8221;][vc_column width=&#8221;1\/3&#8243; scheme=&#8221;dark&#8221; icons_position=&#8221;left&#8221;][vc_empty_space alter_height=&#8221;huge&#8221; hide_on_mobile=&#8221;&#8221; css=&#8221;.vc_custom_1493818067354{margin-top: -1rem !important;}&#8221;]<div id=\"sc_title_1850241473\"\r\n\t\tclass=\"sc_title sc_title_default\"><h1 class=\"sc_item_title sc_title_title sc_align_left sc_item_title_style_default sc_item_title_tag\">Prestam <i>servicii<\/i><\/h1><\/div><!-- \/.sc_title -->[vc_empty_space alter_height=&#8221;small&#8221; hide_on_mobile=&#8221;&#8221;][vc_column_text css=&#8221;.vc_custom_1605038310276{margin-right: 3.6rem !important;}&#8221;]Echipa noastr\u0103 are o experien\u021b\u0103 vast\u0103, ceea ce ne permite s\u0103 realiz\u0103m proiecte de aproape orice complexitate.[\/vc_column_text][\/vc_column][vc_column width=&#8221;2\/3&#8243; icons_position=&#8221;left&#8221;]<div style=\"width:;\" class=\"cqtooltip-wrapper \" data-opacity=\"1\" data-tooltipanimation=\"grow\" data-tooltipstyle=\"shadow\" data-trigger=\"\" data-maxwidth=\"323\" data-marginoffset=\"\" data-isdisplayall=\"off\" data-displayednum=\"1\"><img decoding=\"async\" src=\"https:\/\/ecolor.md\/wp-content\/uploads\/2017\/03\/hp1.png\" alt=\"\" \/><div class=\"cq-hotspots\"><div class=\"hotspot-item  \" style=\"top:40.5%;left:25.8%;\" data-top=\"40.5%\" data-left=\"25.8%\"><a href=\"#\" class=\"cq-tooltip\" style=\"background-color:rgba(255,255,255,0.8);\" data-iconbg=\"rgba(255,255,255,0.8)\" data-tooltip=\"\n&lt;h5&gt;Alegerea materialelor&lt;\/h5&gt;\n&lt;p&gt;Sfaturi profesionale cu privire la alegerea materialelor&lt;a href=&quot;\/shop\/&quot; id=&quot;sc_button_1927589244&quot; class=&quot;sc_button sc_button_default sc_button_size_normal sc_button_icon_center&quot;&gt;&lt;span class=&quot;sc_button_text&quot;&gt;&lt;span class=&quot;sc_button_title&quot;&gt;Mai mult&lt;\/span&gt;&lt;\/span&gt;&lt;!-- \/.sc_button_text --&gt;&lt;\/a&gt;&lt;!-- \/.sc_button --&gt;\" data-arrowposition=\"\"><span style=\"background:#ffffff;\"><\/span><\/a><\/div><div class=\"hotspot-item  \" style=\"top:42.6%;left:78.4%;\" data-top=\"42.6%\" data-left=\"78.4%\"><a href=\"#\" class=\"cq-tooltip\" style=\"background-color:rgba(255,255,255,0.8);\" data-iconbg=\"rgba(255,255,255,0.8)\" data-tooltip=\"\n&lt;h5&gt;Potrivirea individual\u0103 a culorilor&lt;\/h5&gt;\n&lt;p&gt;Potrivirea profesional\u0103 de culori \u0219i nuan\u021be&lt;a href=&quot;\/color\/&quot; id=&quot;sc_button_862154203&quot; class=&quot;sc_button sc_button_default sc_button_size_normal sc_button_icon_center&quot;&gt;&lt;span class=&quot;sc_button_text&quot;&gt;&lt;span class=&quot;sc_button_title&quot;&gt;Mai mult&lt;\/span&gt;&lt;\/span&gt;&lt;!-- \/.sc_button_text --&gt;&lt;\/a&gt;&lt;!-- \/.sc_button --&gt;\" data-arrowposition=\"top\"><span style=\"background:#ffffff;\"><\/span><\/a><\/div><\/div><\/div>[\/vc_column][vc_column icons_position=&#8221;left&#8221;]<div style=\"width:;\" class=\"cqtooltip-wrapper \" data-opacity=\"1\" data-tooltipanimation=\"grow\" data-tooltipstyle=\"shadow\" data-trigger=\"\" data-maxwidth=\"323\" data-marginoffset=\"\" data-isdisplayall=\"specify\" data-displayednum=\"2\"><img decoding=\"async\" src=\"https:\/\/ecolor.md\/wp-content\/uploads\/2017\/03\/hp2.png\" alt=\"\" \/><div class=\"cq-hotspots\"><div class=\"hotspot-item  \" style=\"top:43%;left:12.3%;\" data-top=\"43%\" data-left=\"12.3%\"><a href=\"#\" class=\"cq-tooltip\" style=\"background-color:rgba(255,255,255,0.8);\" data-iconbg=\"rgba(255,255,255,0.8)\" data-tooltip=\"\n&lt;h5&gt;Servicii de vopsire&lt;\/h5&gt;\n&lt;p&gt;Vopsirea produselor din lemn de orice complexitate&lt;a href=&quot;\/services\/wallpapering\/&quot; id=&quot;sc_button_763568031&quot; class=&quot;sc_button sc_button_default sc_button_size_normal sc_button_icon_center&quot;&gt;&lt;span class=&quot;sc_button_text&quot;&gt;&lt;span class=&quot;sc_button_title&quot;&gt;Mai mult&lt;\/span&gt;&lt;\/span&gt;&lt;!-- \/.sc_button_text --&gt;&lt;\/a&gt;&lt;!-- \/.sc_button --&gt;\" data-arrowposition=\"\"><span style=\"background:#ffffff;\"><\/span><\/a><\/div><div class=\"hotspot-item  \" style=\"top:53.8%;left:63.6%;\" data-top=\"53.8%\" data-left=\"63.6%\"><a href=\"#\" class=\"cq-tooltip\" style=\"background-color:rgba(255,255,255,0.8);\" data-iconbg=\"rgba(255,255,255,0.8)\" data-tooltip=\"\n&lt;h5&gt;Servicii de restaurare&lt;\/h5&gt;\n&lt;p&gt;Restaurare de calitate a produselor din lemn&lt;a href=&quot;\/services\/professional-stained-interiors\/&quot; id=&quot;sc_button_1102976166&quot; class=&quot;sc_button sc_button_default sc_button_size_normal sc_button_icon_center&quot;&gt;&lt;span class=&quot;sc_button_text&quot;&gt;&lt;span class=&quot;sc_button_title&quot;&gt;Mai mult&lt;\/span&gt;&lt;\/span&gt;&lt;!-- \/.sc_button_text --&gt;&lt;\/a&gt;&lt;!-- \/.sc_button --&gt;\" data-arrowposition=\"top\"><span style=\"background:#ffffff;\"><\/span><\/a><\/div><div class=\"hotspot-item  \" style=\"top:6%;left:37.5%;\" data-top=\"6%\" data-left=\"37.5%\"><a href=\"#\" class=\"cq-tooltip\" style=\"background-color:rgba(255,255,255,0.8);\" data-iconbg=\"rgba(255,255,255,0.8)\" data-tooltip=\"\n&lt;h5&gt;Livrare&lt;\/h5&gt;\n&lt;p&gt;Livrare prompta in Chisinau si Moldova&lt;a href=&quot;\/shop\/&quot; id=&quot;sc_button_353163562&quot; class=&quot;sc_button sc_button_default sc_button_size_normal sc_button_icon_center&quot;&gt;&lt;span class=&quot;sc_button_text&quot;&gt;&lt;span class=&quot;sc_button_title&quot;&gt;Mai mult&lt;\/span&gt;&lt;\/span&gt;&lt;!-- \/.sc_button_text --&gt;&lt;\/a&gt;&lt;!-- \/.sc_button --&gt;\" data-arrowposition=\"top\"><span style=\"background:#ffffff;\"><\/span><\/a><\/div><\/div><\/div>[\/vc_column][\/vc_row]<span data-mce-type=\"bookmark\" style=\"display: inline-block; width: 0px; overflow: hidden; line-height: 0;\" class=\"mce_SELRES_start\">\ufeff<\/span>[vc_row el_class=&#8221;temp_hide&#8221;][vc_column][vc_empty_space alter_height=&#8221;huge&#8221; hide_on_mobile=&#8221;&#8221; css=&#8221;.vc_custom_1493989021003{margin-top: -1rem !important;}&#8221;]<div class=\"sc_team sc_team_short\"><h2 class=\"sc_item_title sc_team_title sc_align_center sc_item_title_style_default sc_item_title_tag\">Meet Our Team<\/h2><div class=\"sc_team_columns sc_item_columns trx_addons_columns_wrap columns_padding_bottom\"><div class=\"trx_addons_column-1_3\"><div class=\"sc_team_item\">\n\t<div class=\"post_featured sc_team_item_thumb trx_addons_hover trx_addons_hover_style_info\">\r\n\t\t\t\t\t\t\t\t\t\t<a href=\"https:\/\/ecolor.md\/ro\/team\/simon-davis\/\" aria-hidden=\"true\"><img fetchpriority=\"high\" decoding=\"async\" width=\"740\" height=\"800\" src=\"https:\/\/ecolor.md\/wp-content\/uploads\/2017\/03\/image-40-740x800.jpg\" class=\"attachment-prorange-thumb-team size-prorange-thumb-team wp-post-image\" alt=\"Simon Davis\" srcset=\"https:\/\/ecolor.md\/wp-content\/uploads\/2017\/03\/image-40-740x800.jpg 740w, https:\/\/ecolor.md\/wp-content\/uploads\/2017\/03\/image-40-278x300.jpg 278w, https:\/\/ecolor.md\/wp-content\/uploads\/2017\/03\/image-40-947x1024.jpg 947w, https:\/\/ecolor.md\/wp-content\/uploads\/2017\/03\/image-40-768x830.jpg 768w, https:\/\/ecolor.md\/wp-content\/uploads\/2017\/03\/image-40-370x400.jpg 370w, https:\/\/ecolor.md\/wp-content\/uploads\/2017\/03\/image-40-760x822.jpg 760w, https:\/\/ecolor.md\/wp-content\/uploads\/2017\/03\/image-40-600x649.jpg 600w, https:\/\/ecolor.md\/wp-content\/uploads\/2017\/03\/image-40.jpg 1110w\" sizes=\"(max-width: 740px) 100vw, 740px\" \/><\/a>\r\n\t\t\t\t\t<div class=\"trx_addons_hover_content\"><div class=\"sc_team_item_socials socials_wrap trx_addons_hover_info\"><a target=\"_blank\" href=\"#\" class=\"social_item social_item_style_icons social_item_type_icons\"><span class=\"social_icon social_twitter\"><span class=\"icon-twitter\"><\/span><\/span><\/a><a target=\"_blank\" href=\"#\" class=\"social_item social_item_style_icons social_item_type_icons\"><span class=\"social_icon social_facebook\"><span class=\"icon-facebook\"><\/span><\/span><\/a><\/div><\/div><div class=\"trx_addons_hover_mask\"><\/div><\/div>\t<div class=\"sc_team_item_info\">\n\t\t<div class=\"sc_team_item_header\">\n\t\t\t<h4 class=\"sc_team_item_title\"><a href=\"https:\/\/ecolor.md\/ro\/team\/simon-davis\/\">Simon Davis<\/a><\/h4>\n\t\t\t<div class=\"sc_team_item_subtitle\">President<\/div>\n\t\t<\/div>\n\t<\/div>\n<\/div>\n<\/div><div class=\"trx_addons_column-1_3\"><div class=\"sc_team_item\">\n\t<div class=\"post_featured sc_team_item_thumb trx_addons_hover trx_addons_hover_style_info\">\r\n\t\t\t\t\t\t\t\t\t\t<a href=\"https:\/\/ecolor.md\/ro\/team\/aaron-fox\/\" aria-hidden=\"true\"><img decoding=\"async\" width=\"740\" height=\"800\" src=\"https:\/\/ecolor.md\/wp-content\/uploads\/2017\/03\/image-39-740x800.jpg\" class=\"attachment-prorange-thumb-team size-prorange-thumb-team wp-post-image\" alt=\"Aaron Fox\" srcset=\"https:\/\/ecolor.md\/wp-content\/uploads\/2017\/03\/image-39-740x800.jpg 740w, https:\/\/ecolor.md\/wp-content\/uploads\/2017\/03\/image-39-278x300.jpg 278w, https:\/\/ecolor.md\/wp-content\/uploads\/2017\/03\/image-39-947x1024.jpg 947w, https:\/\/ecolor.md\/wp-content\/uploads\/2017\/03\/image-39-768x830.jpg 768w, https:\/\/ecolor.md\/wp-content\/uploads\/2017\/03\/image-39-370x400.jpg 370w, https:\/\/ecolor.md\/wp-content\/uploads\/2017\/03\/image-39-760x822.jpg 760w, https:\/\/ecolor.md\/wp-content\/uploads\/2017\/03\/image-39-600x649.jpg 600w, https:\/\/ecolor.md\/wp-content\/uploads\/2017\/03\/image-39.jpg 1110w\" sizes=\"(max-width: 740px) 100vw, 740px\" \/><\/a>\r\n\t\t\t\t\t<div class=\"trx_addons_hover_content\"><div class=\"sc_team_item_socials socials_wrap trx_addons_hover_info\"><a target=\"_blank\" href=\"#\" class=\"social_item social_item_style_icons social_item_type_icons\"><span class=\"social_icon social_twitter\"><span class=\"icon-twitter\"><\/span><\/span><\/a><a target=\"_blank\" href=\"#\" class=\"social_item social_item_style_icons social_item_type_icons\"><span class=\"social_icon social_facebook\"><span class=\"icon-facebook\"><\/span><\/span><\/a><\/div><\/div><div class=\"trx_addons_hover_mask\"><\/div><\/div>\t<div class=\"sc_team_item_info\">\n\t\t<div class=\"sc_team_item_header\">\n\t\t\t<h4 class=\"sc_team_item_title\"><a href=\"https:\/\/ecolor.md\/ro\/team\/aaron-fox\/\">Aaron Fox<\/a><\/h4>\n\t\t\t<div class=\"sc_team_item_subtitle\">Estimator<\/div>\n\t\t<\/div>\n\t<\/div>\n<\/div>\n<\/div><div class=\"trx_addons_column-1_3\"><div class=\"sc_team_item\">\n\t<div class=\"post_featured sc_team_item_thumb trx_addons_hover trx_addons_hover_style_info\">\r\n\t\t\t\t\t\t\t\t\t\t<a href=\"https:\/\/ecolor.md\/ro\/team\/john-brin\/\" aria-hidden=\"true\"><img decoding=\"async\" width=\"740\" height=\"800\" src=\"https:\/\/ecolor.md\/wp-content\/uploads\/2017\/03\/image-41-740x800.jpg\" class=\"attachment-prorange-thumb-team size-prorange-thumb-team wp-post-image\" alt=\"John Brin\" srcset=\"https:\/\/ecolor.md\/wp-content\/uploads\/2017\/03\/image-41-740x800.jpg 740w, https:\/\/ecolor.md\/wp-content\/uploads\/2017\/03\/image-41-278x300.jpg 278w, https:\/\/ecolor.md\/wp-content\/uploads\/2017\/03\/image-41-947x1024.jpg 947w, https:\/\/ecolor.md\/wp-content\/uploads\/2017\/03\/image-41-768x830.jpg 768w, https:\/\/ecolor.md\/wp-content\/uploads\/2017\/03\/image-41-370x400.jpg 370w, https:\/\/ecolor.md\/wp-content\/uploads\/2017\/03\/image-41-760x822.jpg 760w, https:\/\/ecolor.md\/wp-content\/uploads\/2017\/03\/image-41-600x649.jpg 600w, https:\/\/ecolor.md\/wp-content\/uploads\/2017\/03\/image-41.jpg 1110w\" sizes=\"(max-width: 740px) 100vw, 740px\" \/><\/a>\r\n\t\t\t\t\t<div class=\"trx_addons_hover_content\"><div class=\"sc_team_item_socials socials_wrap trx_addons_hover_info\"><a target=\"_blank\" href=\"#\" class=\"social_item social_item_style_icons social_item_type_icons\"><span class=\"social_icon social_twitter\"><span class=\"icon-twitter\"><\/span><\/span><\/a><a target=\"_blank\" href=\"#\" class=\"social_item social_item_style_icons social_item_type_icons\"><span class=\"social_icon social_facebook\"><span class=\"icon-facebook\"><\/span><\/span><\/a><\/div><\/div><div class=\"trx_addons_hover_mask\"><\/div><\/div>\t<div class=\"sc_team_item_info\">\n\t\t<div class=\"sc_team_item_header\">\n\t\t\t<h4 class=\"sc_team_item_title\"><a href=\"https:\/\/ecolor.md\/ro\/team\/john-brin\/\">John Brin<\/a><\/h4>\n\t\t\t<div class=\"sc_team_item_subtitle\">Field Supervisor<\/div>\n\t\t<\/div>\n\t<\/div>\n<\/div>\n<\/div><\/div><div class=\"sc_item_button sc_item_button_default sc_team_button sc_align_center sc_button_wrap sc_align_center\"><a href=\"\/how-we-work\/\" id=\"sc_button_213428372\" class=\"sc_button sc_button_default sc_button_size_normal sc_button_icon_left\"><span class=\"sc_button_text\"><span class=\"sc_button_title\">View More<\/span><\/span><!-- \/.sc_button_text --><\/a><!-- \/.sc_button --><\/div><!-- \/.sc_item_button sc_item_button_default sc_team_button sc_align_center --><\/div><!-- \/.sc_team -->[vc_empty_space alter_height=&#8221;huge&#8221; hide_on_mobile=&#8221;&#8221; css=&#8221;.vc_custom_1493990037544{margin-top: -1rem !important;}&#8221;][\/vc_column][\/vc_row]<span data-mce-type=\"bookmark\" style=\"display: inline-block; width: 0px; overflow: hidden; line-height: 0;\" class=\"mce_SELRES_end\">\ufeff<\/span><span data-mce-type=\"bookmark\" style=\"display: inline-block; width: 0px; overflow: hidden; line-height: 0;\" class=\"mce_SELRES_start\">\ufeff<\/span><\/p>","protected":false},"excerpt":{"rendered":"<p>[vc_row full_width=&#8221;stretch_row&#8221; css=&#8221;.vc_custom_1490616463414{background-color: #f0f4f7 !important;}&#8221;][vc_column][vc_empty_space alter_height=&#8221;huge&#8221; hide_on_mobile=&#8221;&#8221; css=&#8221;.vc_custom_1493987910834{margin-top: -0.6rem !important;}&#8221;][\/vc_column][vc_column width=&#8221;1\/2&#8243;][vc_single_image image=&#8221;1484&#8243; img_size=&#8221;large&#8221;][vc_empty_space alter_height=&#8221;large&#8221; hide_on_mobile=&#8221;&#8221;][\/vc_column][vc_column width=&#8221;1\/2&#8243; css=&#8221;.vc_custom_1493987931534{padding-left: 3.7rem !important;}&#8221;][vc_empty_space alter_height=&#8221;small&#8221; hide_on_mobile=&#8221;&#8221;][vc_column_text]Lucr\u0103m pe pia\u021ba Republicii Moldova din anul 2004. Compania este specializat\u0103 \u00een comer\u021bul cu ridicata \u0219i cu am\u0103nuntul cu vopsele&hellip;<\/p>\n","protected":false},"author":1,"featured_media":0,"parent":0,"menu_order":0,"comment_status":"closed","ping_status":"closed","template":"","meta":{"footnotes":""},"class_list":["post-39","page","type-page","status-publish","hentry"],"_links":{"self":[{"href":"https:\/\/ecolor.md\/ro\/wp-json\/wp\/v2\/pages\/39","targetHints":{"allow":["GET"]}}],"collection":[{"href":"https:\/\/ecolor.md\/ro\/wp-json\/wp\/v2\/pages"}],"about":[{"href":"https:\/\/ecolor.md\/ro\/wp-json\/wp\/v2\/types\/page"}],"author":[{"embeddable":true,"href":"https:\/\/ecolor.md\/ro\/wp-json\/wp\/v2\/users\/1"}],"replies":[{"embeddable":true,"href":"https:\/\/ecolor.md\/ro\/wp-json\/wp\/v2\/comments?post=39"}],"version-history":[{"count":26,"href":"https:\/\/ecolor.md\/ro\/wp-json\/wp\/v2\/pages\/39\/revisions"}],"predecessor-version":[{"id":1784,"href":"https:\/\/ecolor.md\/ro\/wp-json\/wp\/v2\/pages\/39\/revisions\/1784"}],"wp:attachment":[{"href":"https:\/\/ecolor.md\/ro\/wp-json\/wp\/v2\/media?parent=39"}],"curies":[{"name":"wp","href":"https:\/\/api.w.org\/{rel}","templated":true}]}}